{"id":2,"date":"2025-12-22T18:44:46","date_gmt":"2025-12-22T18:44:46","guid":{"rendered":"http:\/\/bjsb.de\/?page_id=2"},"modified":"2026-01-21T00:42:17","modified_gmt":"2026-01-20T23:42:17","slug":"ueber-uns","status":"publish","type":"page","link":"https:\/\/bjsb.de\/en\/ueber-uns\/","title":{"rendered":"About us"},"content":{"rendered":"<p>We organize events for all areas of Jewish student life at regular intervals: from networking events, Shabbatot and events on Jewish holidays to lectures by interesting speakers, seminars and political engagements, we have it all.<\/p>\n\n\n\n<p>With our regional events, we want to ensure that students in Baden can connect with the Jewish infrastructure and exchange ideas with other like-minded people. Together with you, we want to shape Jewish student life.<\/p>\n\n\n\n<div class=\"wp-block-group alignfull has-white-background-color has-background is-layout-constrained wp-block-group-is-layout-constrained\" style=\"padding-top:7rem;padding-bottom:7rem\">\n<h1 class=\"wp-block-heading has-text-align-center has-black-color has-text-color has-link-color has-xx-large-font-size wp-elements-b0326279da4342b70943fc2dabd52a74\" style=\"margin-top:0;font-style:normal;font-weight:800;line-height:1.2\">Our Board of Directors<\/h1>\n\n\n\n<div class=\"wp-block-columns is-layout-flex wp-container-core-columns-is-layout-2709eace wp-block-columns-is-layout-flex\">\n<div class=\"wp-block-column has-border-color is-layout-flow wp-block-column-is-layout-flow\" style=\"border-color:#0000001f;border-style:solid;border-width:2px;border-radius:20px;padding-top:30px;padding-right:30px;padding-bottom:30px;padding-left:30px\">\n<div class=\"wp-block-group is-content-justification-center is-nowrap is-layout-flex wp-container-core-group-is-layout-faecc223 wp-block-group-is-layout-flex\" style=\"margin-bottom:50px\">\n<figure class=\"wp-block-image size-full is-resized has-custom-border\"><img loading=\"lazy\" decoding=\"async\" width=\"2438\" height=\"2438\" src=\"https:\/\/bjsb.de\/wp-content\/uploads\/2026\/01\/DSC05153-1.jpg\" alt=\"\" class=\"wp-image-206\" style=\"border-radius:100%;width:150px\" srcset=\"https:\/\/bjsb.de\/wp-content\/uploads\/2026\/01\/DSC05153-1.jpg 2438w, https:\/\/bjsb.de\/wp-content\/uploads\/2026\/01\/DSC05153-1-300x300.jpg 300w, https:\/\/bjsb.de\/wp-content\/uploads\/2026\/01\/DSC05153-1-1024x1024.jpg 1024w, https:\/\/bjsb.de\/wp-content\/uploads\/2026\/01\/DSC05153-1-150x150.jpg 150w, https:\/\/bjsb.de\/wp-content\/uploads\/2026\/01\/DSC05153-1-768x768.jpg 768w, https:\/\/bjsb.de\/wp-content\/uploads\/2026\/01\/DSC05153-1-1536x1536.jpg 1536w, https:\/\/bjsb.de\/wp-content\/uploads\/2026\/01\/DSC05153-1-2048x2048.jpg 2048w, https:\/\/bjsb.de\/wp-content\/uploads\/2026\/01\/DSC05153-1-12x12.jpg 12w\" sizes=\"auto, (max-width: 2438px) 100vw, 2438px\" \/><\/figure>\n<\/div>\n\n\n\n<h2 class=\"wp-block-heading has-text-align-center has-black-color has-text-color has-link-color has-medium-font-size wp-elements-10214dfc072bc28592a263c27b87be36\" style=\"margin-top:0px\">Naomi Elbow<\/h2>\n\n\n\n<p class=\"has-text-align-center has-text-color has-link-color wp-elements-d46e8019e299f0dfbc6413ede3e4ccbf\" style=\"color:#000000a8;margin-bottom:30px\">President<\/p>\n\n\n\n<ul class=\"wp-block-social-links has-normal-icon-size is-content-justification-center is-layout-flex wp-container-core-social-links-is-layout-8f67c4b3 wp-block-social-links-is-layout-flex\" style=\"margin-bottom:60px\"><\/ul>\n\n\n\n<div class=\"wp-block-buttons is-vertical is-layout-flex wp-container-core-buttons-is-layout-fba7bc4b wp-block-buttons-is-layout-flex\">\n\n<\/div>\n<\/div>\n\n\n\n<div class=\"wp-block-column has-border-color is-layout-flow wp-block-column-is-layout-flow\" style=\"border-color:#0000001f;border-style:solid;border-width:2px;border-radius:20px;padding-top:30px;padding-right:30px;padding-bottom:30px;padding-left:30px\">\n<div class=\"wp-block-group is-content-justification-center is-nowrap is-layout-flex wp-container-core-group-is-layout-faecc223 wp-block-group-is-layout-flex\" style=\"margin-bottom:50px\">\n<figure class=\"wp-block-image size-full is-resized has-custom-border\"><img loading=\"lazy\" decoding=\"async\" width=\"2560\" height=\"2560\" src=\"https:\/\/bjsb.de\/wp-content\/uploads\/2026\/01\/DSC05159-scaled.jpg\" alt=\"\" class=\"wp-image-207\" style=\"border-radius:100%;width:150px\" srcset=\"https:\/\/bjsb.de\/wp-content\/uploads\/2026\/01\/DSC05159-scaled.jpg 2560w, https:\/\/bjsb.de\/wp-content\/uploads\/2026\/01\/DSC05159-300x300.jpg 300w, https:\/\/bjsb.de\/wp-content\/uploads\/2026\/01\/DSC05159-1024x1024.jpg 1024w, https:\/\/bjsb.de\/wp-content\/uploads\/2026\/01\/DSC05159-150x150.jpg 150w, https:\/\/bjsb.de\/wp-content\/uploads\/2026\/01\/DSC05159-768x768.jpg 768w, https:\/\/bjsb.de\/wp-content\/uploads\/2026\/01\/DSC05159-1536x1536.jpg 1536w, https:\/\/bjsb.de\/wp-content\/uploads\/2026\/01\/DSC05159-2048x2048.jpg 2048w, https:\/\/bjsb.de\/wp-content\/uploads\/2026\/01\/DSC05159-12x12.jpg 12w\" sizes=\"auto, (max-width: 2560px) 100vw, 2560px\" \/><\/figure>\n<\/div>\n\n\n\n<h2 class=\"wp-block-heading has-text-align-center has-black-color has-text-color has-link-color has-medium-font-size wp-elements-9317b7e3e059a14e6869aa39729e7935\" style=\"margin-top:0px\">Erik Beglarian<\/h2>\n\n\n\n<p class=\"has-text-align-center has-text-color has-link-color wp-elements-049e2cc7f7bb3126e0c73b570aec895f\" style=\"color:#000000a8;margin-bottom:30px\">Vice President<\/p>\n\n\n\n<ul class=\"wp-block-social-links has-normal-icon-size is-content-justification-center is-layout-flex wp-container-core-social-links-is-layout-8f67c4b3 wp-block-social-links-is-layout-flex\" style=\"margin-bottom:60px\"><\/ul>\n\n\n\n<div class=\"wp-block-buttons is-vertical is-layout-flex wp-container-core-buttons-is-layout-fba7bc4b wp-block-buttons-is-layout-flex\">\n\n<\/div>\n<\/div>\n\n\n\n<div class=\"wp-block-column has-border-color is-layout-flow wp-block-column-is-layout-flow\" style=\"border-color:#0000001f;border-style:solid;border-width:2px;border-radius:20px;padding-top:30px;padding-right:30px;padding-bottom:30px;padding-left:30px\">\n<div class=\"wp-block-group is-content-justification-center is-nowrap is-layout-flex wp-container-core-group-is-layout-faecc223 wp-block-group-is-layout-flex\" style=\"margin-bottom:50px\">\n<figure class=\"wp-block-image size-full is-resized has-custom-border\"><img loading=\"lazy\" decoding=\"async\" width=\"2331\" height=\"2331\" src=\"https:\/\/bjsb.de\/wp-content\/uploads\/2026\/01\/DSC05177.jpg\" alt=\"\" class=\"wp-image-209\" style=\"border-radius:100%;width:150px\" srcset=\"https:\/\/bjsb.de\/wp-content\/uploads\/2026\/01\/DSC05177.jpg 2331w, https:\/\/bjsb.de\/wp-content\/uploads\/2026\/01\/DSC05177-300x300.jpg 300w, https:\/\/bjsb.de\/wp-content\/uploads\/2026\/01\/DSC05177-1024x1024.jpg 1024w, https:\/\/bjsb.de\/wp-content\/uploads\/2026\/01\/DSC05177-150x150.jpg 150w, https:\/\/bjsb.de\/wp-content\/uploads\/2026\/01\/DSC05177-768x768.jpg 768w, https:\/\/bjsb.de\/wp-content\/uploads\/2026\/01\/DSC05177-1536x1536.jpg 1536w, https:\/\/bjsb.de\/wp-content\/uploads\/2026\/01\/DSC05177-2048x2048.jpg 2048w, https:\/\/bjsb.de\/wp-content\/uploads\/2026\/01\/DSC05177-12x12.jpg 12w\" sizes=\"auto, (max-width: 2331px) 100vw, 2331px\" \/><\/figure>\n<\/div>\n\n\n\n<h2 class=\"wp-block-heading has-text-align-center has-black-color has-text-color has-link-color has-medium-font-size wp-elements-c7d887bd81c4cd088b8c6449bfb24b05\" style=\"margin-top:0px\">David Blinov<\/h2>\n\n\n\n<p class=\"has-text-align-center has-text-color has-link-color wp-elements-91ccdb68fe33f36711484e423d455faa\" style=\"color:#000000a8;margin-bottom:30px\">Treasurer<\/p>\n\n\n\n<ul class=\"wp-block-social-links has-normal-icon-size is-content-justification-center is-layout-flex wp-container-core-social-links-is-layout-8f67c4b3 wp-block-social-links-is-layout-flex\" style=\"margin-bottom:60px\"><\/ul>\n\n\n\n<div class=\"wp-block-buttons is-vertical is-layout-flex wp-container-core-buttons-is-layout-fba7bc4b wp-block-buttons-is-layout-flex\">\n\n<\/div>\n<\/div>\n\n\n\n<div class=\"wp-block-column has-border-color is-layout-flow wp-block-column-is-layout-flow\" style=\"border-color:#0000001f;border-style:solid;border-width:2px;border-radius:20px;padding-top:30px;padding-right:30px;padding-bottom:30px;padding-left:30px\">\n<div class=\"wp-block-group is-content-justification-center is-nowrap is-layout-flex wp-container-core-group-is-layout-faecc223 wp-block-group-is-layout-flex\" style=\"margin-bottom:50px\">\n<figure class=\"wp-block-image size-full is-resized has-custom-border\"><img loading=\"lazy\" decoding=\"async\" width=\"2087\" height=\"2087\" src=\"https:\/\/bjsb.de\/wp-content\/uploads\/2026\/01\/DSC05168.jpg\" alt=\"\" class=\"wp-image-210\" style=\"border-radius:100%;width:150px\" srcset=\"https:\/\/bjsb.de\/wp-content\/uploads\/2026\/01\/DSC05168.jpg 2087w, https:\/\/bjsb.de\/wp-content\/uploads\/2026\/01\/DSC05168-300x300.jpg 300w, https:\/\/bjsb.de\/wp-content\/uploads\/2026\/01\/DSC05168-1024x1024.jpg 1024w, https:\/\/bjsb.de\/wp-content\/uploads\/2026\/01\/DSC05168-150x150.jpg 150w, https:\/\/bjsb.de\/wp-content\/uploads\/2026\/01\/DSC05168-768x768.jpg 768w, https:\/\/bjsb.de\/wp-content\/uploads\/2026\/01\/DSC05168-1536x1536.jpg 1536w, https:\/\/bjsb.de\/wp-content\/uploads\/2026\/01\/DSC05168-2048x2048.jpg 2048w, https:\/\/bjsb.de\/wp-content\/uploads\/2026\/01\/DSC05168-12x12.jpg 12w\" sizes=\"auto, (max-width: 2087px) 100vw, 2087px\" \/><\/figure>\n<\/div>\n\n\n\n<h2 class=\"wp-block-heading has-text-align-center has-black-color has-text-color has-link-color has-medium-font-size wp-elements-6a37f216dffdfa6ac400f6ec32c80fd2\" style=\"margin-top:0px\">Gideon Ballhorn<\/h2>\n\n\n\n<p class=\"has-text-align-center has-text-color has-link-color wp-elements-09010de71727d919fe0c58579f9f1fae\" style=\"color:#000000a8;margin-bottom:30px\"><\/p>\n\n\n\n<ul class=\"wp-block-social-links has-normal-icon-size is-content-justification-center is-layout-flex wp-container-core-social-links-is-layout-8f67c4b3 wp-block-social-links-is-layout-flex\" style=\"margin-bottom:60px\"><\/ul>\n\n\n\n<div class=\"wp-block-buttons is-vertical is-layout-flex wp-container-core-buttons-is-layout-fba7bc4b wp-block-buttons-is-layout-flex\">\n\n<\/div>\n<\/div>\n\n\n\n<div class=\"wp-block-column has-border-color is-layout-flow wp-block-column-is-layout-flow\" style=\"border-color:#0000001f;border-style:solid;border-width:2px;border-radius:20px;padding-top:30px;padding-right:30px;padding-bottom:30px;padding-left:30px\">\n<div class=\"wp-block-group is-content-justification-center is-nowrap is-layout-flex wp-container-core-group-is-layout-faecc223 wp-block-group-is-layout-flex\" style=\"margin-bottom:50px\"><\/div>\n\n\n\n<h2 class=\"wp-block-heading has-text-align-center has-black-color has-text-color has-link-color has-medium-font-size wp-elements-26f4c0f4587b857f9ff27976fb4fa8ad\" style=\"margin-top:0px\">Cornelia D&#8217;Ambrosio<\/h2>\n\n\n\n<p class=\"has-text-align-center has-text-color has-link-color wp-elements-09010de71727d919fe0c58579f9f1fae\" style=\"color:#000000a8;margin-bottom:30px\"><\/p>\n\n\n\n<ul class=\"wp-block-social-links has-normal-icon-size is-content-justification-center is-layout-flex wp-container-core-social-links-is-layout-8f67c4b3 wp-block-social-links-is-layout-flex\" style=\"margin-bottom:60px\"><\/ul>\n\n\n\n<div class=\"wp-block-buttons is-vertical is-layout-flex wp-container-core-buttons-is-layout-fba7bc4b wp-block-buttons-is-layout-flex\">\n\n<\/div>\n<\/div>\n<\/div>\n<\/div>\n\n\n\n<h3 class=\"wp-block-heading\">Our former board members<\/h3>\n\n\n\n<hr class=\"wp-block-separator has-alpha-channel-opacity is-style-wide\"\/>\n\n\n\n<details class=\"wp-block-details is-layout-flow wp-block-details-is-layout-flow\"><summary><strong>Executive Board 2024<\/strong><\/summary>\n<div class=\"wp-block-group is-layout-grid wp-container-core-group-is-layout-478b6e6b wp-block-group-is-layout-grid\">\n<p class=\"has-text-align-center\">Jana Kelerman<\/p>\n\n\n\n<p class=\"has-text-align-center\">Mariya Manashirova<\/p>\n\n\n\n<p class=\"has-text-align-center\">Gideon Ballhorn<\/p>\n\n\n\n<p class=\"has-text-align-center\">Ester Sousa Nunes<\/p>\n\n\n\n<p class=\"has-text-align-center\">Cornelia D&#8217;Ambrosio<\/p>\n<\/div>\n<\/details>\n\n\n\n<details class=\"wp-block-details is-layout-flow wp-block-details-is-layout-flow\"><summary><strong>Executive Board 2023<\/strong><\/summary>\n<div class=\"wp-block-group is-layout-grid wp-container-core-group-is-layout-478b6e6b wp-block-group-is-layout-grid\">\n<p class=\"has-text-align-center\">Nastya Synelnykova<\/p>\n\n\n\n<p class=\"has-text-align-center\">Jana Kelerman<\/p>\n\n\n\n<p class=\"has-text-align-center\">Nikita Radtchik<\/p>\n\n\n\n<p class=\"has-text-align-center\">Faina Krasnopolska<\/p>\n\n\n\n<p class=\"has-text-align-center\">Ariella Naischul<\/p>\n\n\n\n<p class=\"has-text-align-center\">Gregor Peskin<\/p>\n<\/div>\n<\/details>\n\n\n\n<details class=\"wp-block-details is-layout-flow wp-block-details-is-layout-flow\"><summary><strong>Executive Board 2022<\/strong><\/summary>\n<div class=\"wp-block-group is-layout-grid wp-container-core-group-is-layout-478b6e6b wp-block-group-is-layout-grid\">\n<p class=\"has-text-align-center\">Naomi Bennett<\/p>\n\n\n\n<p class=\"has-text-align-center\">Nastya Synelnykova<\/p>\n\n\n\n<p class=\"has-text-align-center\">Josef Peskin<\/p>\n\n\n\n<p class=\"has-text-align-center\">Jana Kelerman<\/p>\n\n\n\n<p class=\"has-text-align-center\">Ariella Naischul<\/p>\n\n\n\n<p class=\"has-text-align-center\">Faina Krasnopolska<\/p>\n<\/div>\n<\/details>\n\n\n\n<details class=\"wp-block-details is-layout-flow wp-block-details-is-layout-flow\"><summary><strong>Executive Board 2021<\/strong><\/summary>\n<div class=\"wp-block-group is-layout-grid wp-container-core-group-is-layout-478b6e6b wp-block-group-is-layout-grid\">\n<p class=\"has-text-align-center\">Ruth Bostedt<\/p>\n\n\n\n<p class=\"has-text-align-center\">Boris Karasik<\/p>\n\n\n\n<p class=\"has-text-align-center\">Julia Melnikova<\/p>\n\n\n\n<p class=\"has-text-align-center\">Marat Uteshev<\/p>\n\n\n\n<p class=\"has-text-align-center\">Naomi Bennett<\/p>\n<\/div>\n<\/details>\n\n\n\n<details class=\"wp-block-details is-layout-flow wp-block-details-is-layout-flow\"><summary><strong>Executive Board 2020<\/strong><\/summary>\n<div class=\"wp-block-group is-layout-grid wp-container-core-group-is-layout-478b6e6b wp-block-group-is-layout-grid\">\n<p class=\"has-text-align-center\">Joel Crepu<\/p>\n\n\n\n<p class=\"has-text-align-center\">Ruth Bostedt<\/p>\n\n\n\n<p class=\"has-text-align-center\">Julia Melnikova<\/p>\n\n\n\n<p class=\"has-text-align-center\">Naomi Bennett<\/p>\n\n\n\n<p class=\"has-text-align-center\">Marat Uteshev<\/p>\n<\/div>\n<\/details>\n\n\n\n<details class=\"wp-block-details is-layout-flow wp-block-details-is-layout-flow\"><summary><strong>Executive Board 2019<\/strong><\/summary>\n<div class=\"wp-block-group is-layout-grid wp-container-core-group-is-layout-478b6e6b wp-block-group-is-layout-grid\">\n<p class=\"has-text-align-center\">Joel Crepu<\/p>\n\n\n\n<p class=\"has-text-align-center\">Ruth Bostedt<\/p>\n\n\n\n<p class=\"has-text-align-center\">Daniel Fridljand<\/p>\n\n\n\n<p class=\"has-text-align-center\">Boris Karasik<\/p>\n<\/div>\n<\/details>\n\n\n\n<p><\/p>","protected":false},"excerpt":{"rendered":"<p>Wir veranstalten in regelm\u00e4\u00dfigen Abst\u00e4nden Events f\u00fcr alle Bereiche des j\u00fcdischen Studierendenlebens: Von Networking Events, Schabbatot und Veranstaltungen zu j\u00fcdischen Feiertagen \u00fcber Vortr\u00e4ge von interessanten Referent:innen bis hin zu Seminaren [&hellip;]<\/p>\n","protected":false},"author":1,"featured_media":0,"parent":0,"menu_order":0,"comment_status":"closed","ping_status":"closed","template":"","meta":{"_price":"","_stock":"","_tribe_ticket_header":"","_tribe_default_ticket_provider":"","_tribe_ticket_capacity":"0","_ticket_start_date":"","_ticket_end_date":"","_tribe_ticket_show_description":"","_tribe_ticket_show_not_going":false,"_tribe_ticket_use_global_stock":"","_tribe_ticket_global_stock_level":"","_global_stock_mode":"","_global_stock_cap":"","_tribe_rsvp_for_event":"","_tribe_ticket_going_count":"","_tribe_ticket_not_going_count":"","_tribe_tickets_list":"[]","_tribe_ticket_has_attendee_info_fields":false,"footnotes":"","_tec_slr_enabled":"","_tec_slr_layout":""},"class_list":["post-2","page","type-page","status-publish","hentry"],"blocksy_meta":[],"ticketed":false,"_links":{"self":[{"href":"https:\/\/bjsb.de\/en\/wp-json\/wp\/v2\/pages\/2","targetHints":{"allow":["GET"]}}],"collection":[{"href":"https:\/\/bjsb.de\/en\/wp-json\/wp\/v2\/pages"}],"about":[{"href":"https:\/\/bjsb.de\/en\/wp-json\/wp\/v2\/types\/page"}],"author":[{"embeddable":true,"href":"https:\/\/bjsb.de\/en\/wp-json\/wp\/v2\/users\/1"}],"replies":[{"embeddable":true,"href":"https:\/\/bjsb.de\/en\/wp-json\/wp\/v2\/comments?post=2"}],"version-history":[{"count":10,"href":"https:\/\/bjsb.de\/en\/wp-json\/wp\/v2\/pages\/2\/revisions"}],"predecessor-version":[{"id":211,"href":"https:\/\/bjsb.de\/en\/wp-json\/wp\/v2\/pages\/2\/revisions\/211"}],"wp:attachment":[{"href":"https:\/\/bjsb.de\/en\/wp-json\/wp\/v2\/media?parent=2"}],"curies":[{"name":"wp","href":"https:\/\/api.w.org\/{rel}","templated":true}]}}